{"id":24,"date":"2026-05-08T11:19:37","date_gmt":"2026-05-08T11:19:37","guid":{"rendered":"https:\/\/www.tontonrunning.fr\/?page_id=24"},"modified":"2026-05-08T11:48:03","modified_gmt":"2026-05-08T11:48:03","slug":"accueil","status":"publish","type":"page","link":"https:\/\/www.tontonrunning.fr\/","title":{"rendered":"Accueil"},"content":{"rendered":"\n<h1 class=\"wp-block-heading has-text-align-left\">Tonton Running : des conseils s\u00e9rieux, pour des coureurs pas tr\u00e8s s\u00e9rieux. <\/h1>\n\n\n\n<p><em><strong>Comparatifs honn\u00eates, science vulgaris\u00e9e, humour garanti. Et un moment de gloire pour chaque DNF<\/strong><\/em>.<\/p>\n\n\n\n<div class=\"wp-block-buttons is-layout-flex wp-block-buttons-is-layout-flex\">\n<div class=\"wp-block-button\" id=\"\/articles\"><a class=\"wp-block-button__link wp-element-button\">D\u00e9couvrir les articles<\/a><\/div>\n<\/div>\n","protected":false},"excerpt":{"rendered":"<p>Tonton Running : des conseils s\u00e9rieux, pour des coureurs pas tr\u00e8s s\u00e9rieux. Comparatifs honn\u00eates, science vulgaris\u00e9e, humour garanti. Et un moment de gloire pour chaque DNF.<\/p>\n","protected":false},"author":1,"featured_media":0,"parent":0,"menu_order":0,"comment_status":"closed","ping_status":"closed","template":"","meta":{"footnotes":""},"class_list":["post-24","page","type-page","status-publish","hentry"],"_links":{"self":[{"href":"https:\/\/www.tontonrunning.fr\/index.php?rest_route=\/wp\/v2\/pages\/24","targetHints":{"allow":["GET"]}}],"collection":[{"href":"https:\/\/www.tontonrunning.fr\/index.php?rest_route=\/wp\/v2\/pages"}],"about":[{"href":"https:\/\/www.tontonrunning.fr\/index.php?rest_route=\/wp\/v2\/types\/page"}],"author":[{"embeddable":true,"href":"https:\/\/www.tontonrunning.fr\/index.php?rest_route=\/wp\/v2\/users\/1"}],"replies":[{"embeddable":true,"href":"https:\/\/www.tontonrunning.fr\/index.php?rest_route=%2Fwp%2Fv2%2Fcomments&post=24"}],"version-history":[{"count":4,"href":"https:\/\/www.tontonrunning.fr\/index.php?rest_route=\/wp\/v2\/pages\/24\/revisions"}],"predecessor-version":[{"id":29,"href":"https:\/\/www.tontonrunning.fr\/index.php?rest_route=\/wp\/v2\/pages\/24\/revisions\/29"}],"wp:attachment":[{"href":"https:\/\/www.tontonrunning.fr\/index.php?rest_route=%2Fwp%2Fv2%2Fmedia&parent=24"}],"curies":[{"name":"wp","href":"https:\/\/api.w.org\/{rel}","templated":true}]}}